{"id":921,"date":"2023-07-20T11:32:52","date_gmt":"2023-07-20T11:32:52","guid":{"rendered":"https:\/\/apartoetz.at\/location-directions\/"},"modified":"2023-09-18T09:19:08","modified_gmt":"2023-09-18T09:19:08","slug":"location-directions","status":"publish","type":"page","link":"https:\/\/apartoetz.at\/en\/location-directions\/","title":{"rendered":"Location &amp; directions"},"content":{"rendered":"\t\t<div data-elementor-type=\"wp-page\" data-elementor-id=\"921\" class=\"elementor elementor-921 elementor-20\" data-elementor-post-type=\"page\">\n\t\t\t\t\t\t\t<div class=\"elementor-element elementor-element-17737a0 e-con-full herobild e-flex e-con\" data-id=\"17737a0\" data-element_type=\"container\" data-settings=\"{&quot;content_width&quot;:&quot;full&quot;}\">\n\t\t\t\t<div class=\"elementor-element elementor-element-a3e6210 elementor-widget elementor-widget-image\" data-id=\"a3e6210\" data-element_type=\"widget\" data-widget_type=\"image.default\">\n\t\t\t\t<div class=\"elementor-widget-container\">\n\t\t\t<style>\/*! elementor - v3.15.0 - 20-08-2023 *\/\n.elementor-widget-image{text-align:center}.elementor-widget-image a{display:inline-block}.elementor-widget-image a img[src$=\".svg\"]{width:48px}.elementor-widget-image img{vertical-align:middle;display:inline-block}<\/style>\t\t\t\t\t\t\t\t\t\t\t\t<img loading=\"lazy\" decoding=\"async\" width=\"1999\" height=\"1333\" src=\"https:\/\/apartoetz.at\/wp-content\/uploads\/2023\/08\/Apart-Oetz-Apartments-Aussen_032.jpg\" class=\"attachment-full size-full wp-image-597\" alt=\"\" srcset=\"https:\/\/apartoetz.at\/wp-content\/uploads\/2023\/08\/Apart-Oetz-Apartments-Aussen_032.jpg 1999w, https:\/\/apartoetz.at\/wp-content\/uploads\/2023\/08\/Apart-Oetz-Apartments-Aussen_032-300x200.jpg 300w, https:\/\/apartoetz.at\/wp-content\/uploads\/2023\/08\/Apart-Oetz-Apartments-Aussen_032-1024x683.jpg 1024w, https:\/\/apartoetz.at\/wp-content\/uploads\/2023\/08\/Apart-Oetz-Apartments-Aussen_032-768x512.jpg 768w, https:\/\/apartoetz.at\/wp-content\/uploads\/2023\/08\/Apart-Oetz-Apartments-Aussen_032-1536x1024.jpg 1536w\" sizes=\"auto, (max-width: 1999px) 100vw, 1999px\" \/>\t\t\t\t\t\t\t\t\t\t\t\t\t\t\t<\/div>\n\t\t\t\t<\/div>\n\t\t\t\t<\/div>\n\t\t<div class=\"elementor-element elementor-element-fab8706 e-con-full e-flex e-con\" data-id=\"fab8706\" data-element_type=\"container\" data-settings=\"{&quot;content_width&quot;:&quot;full&quot;,&quot;background_background&quot;:&quot;classic&quot;}\">\n\t\t\t\t<div class=\"elementor-element elementor-element-2bb1f118 elementor-widget elementor-widget-theme-site-logo elementor-widget-image\" data-id=\"2bb1f118\" data-element_type=\"widget\" data-widget_type=\"theme-site-logo.default\">\n\t\t\t\t<div class=\"elementor-widget-container\">\n\t\t\t\t\t\t\t\t\t\t\t<a href=\"https:\/\/apartoetz.at\/en\/\">\n\t\t\t<img loading=\"lazy\" decoding=\"async\" width=\"595\" height=\"236\" src=\"https:\/\/apartoetz.at\/wp-content\/uploads\/2023\/06\/Logo_A_Oetz2-ohne-Claim.png\" class=\"attachment-full size-full wp-image-59\" alt=\"\" srcset=\"https:\/\/apartoetz.at\/wp-content\/uploads\/2023\/06\/Logo_A_Oetz2-ohne-Claim.png 595w, https:\/\/apartoetz.at\/wp-content\/uploads\/2023\/06\/Logo_A_Oetz2-ohne-Claim-300x119.png 300w\" sizes=\"auto, (max-width: 595px) 100vw, 595px\" \/>\t\t\t\t<\/a>\n\t\t\t\t\t\t\t\t\t\t\t<\/div>\n\t\t\t\t<\/div>\n\t\t\t\t<\/div>\n\t\t<div class=\"elementor-element elementor-element-2b34d60 e-flex e-con-boxed e-con\" data-id=\"2b34d60\" data-element_type=\"container\" data-settings=\"{&quot;content_width&quot;:&quot;boxed&quot;}\">\n\t\t\t\t\t<div class=\"e-con-inner\">\n\t\t<div class=\"elementor-element elementor-element-c998634 e-flex e-con-boxed e-con\" data-id=\"c998634\" data-element_type=\"container\" data-settings=\"{&quot;content_width&quot;:&quot;boxed&quot;}\">\n\t\t\t\t\t<div class=\"e-con-inner\">\n\t\t\t\t<div class=\"elementor-element elementor-element-20543abb elementor-widget elementor-widget-heading\" data-id=\"20543abb\" data-element_type=\"widget\" data-widget_type=\"heading.default\">\n\t\t\t\t<div class=\"elementor-widget-container\">\n\t\t\t<style>\/*! elementor - v3.15.0 - 20-08-2023 *\/\n.elementor-heading-title{padding:0;margin:0;line-height:1}.elementor-widget-heading .elementor-heading-title[class*=elementor-size-]>a{color:inherit;font-size:inherit;line-height:inherit}.elementor-widget-heading .elementor-heading-title.elementor-size-small{font-size:15px}.elementor-widget-heading .elementor-heading-title.elementor-size-medium{font-size:19px}.elementor-widget-heading .elementor-heading-title.elementor-size-large{font-size:29px}.elementor-widget-heading .elementor-heading-title.elementor-size-xl{font-size:39px}.elementor-widget-heading .elementor-heading-title.elementor-size-xxl{font-size:59px}<\/style><h1 class=\"elementor-heading-title elementor-size-default\">Location &amp; directions <\/h1>\t\t<\/div>\n\t\t\t\t<\/div>\n\t\t\t\t<div class=\"elementor-element elementor-element-1643c43f elementor-widget elementor-widget-heading\" data-id=\"1643c43f\" data-element_type=\"widget\" data-widget_type=\"heading.default\">\n\t\t\t\t<div class=\"elementor-widget-container\">\n\t\t\t<h2 class=\"elementor-heading-title elementor-size-default\">- Location -<\/h2>\t\t<\/div>\n\t\t\t\t<\/div>\n\t\t\t\t<div class=\"elementor-element elementor-element-19099580 elementor-widget elementor-widget-text-editor\" data-id=\"19099580\" data-element_type=\"widget\" data-widget_type=\"text-editor.default\">\n\t\t\t\t<div class=\"elementor-widget-container\">\n\t\t\t<style>\/*! elementor - v3.15.0 - 20-08-2023 *\/\n.elementor-widget-text-editor.elementor-drop-cap-view-stacked .elementor-drop-cap{background-color:#69727d;color:#fff}.elementor-widget-text-editor.elementor-drop-cap-view-framed .elementor-drop-cap{color:#69727d;border:3px solid;background-color:transparent}.elementor-widget-text-editor:not(.elementor-drop-cap-view-default) .elementor-drop-cap{margin-top:8px}.elementor-widget-text-editor:not(.elementor-drop-cap-view-default) .elementor-drop-cap-letter{width:1em;height:1em}.elementor-widget-text-editor .elementor-drop-cap{float:left;text-align:center;line-height:1;font-size:50px}.elementor-widget-text-editor .elementor-drop-cap-letter{display:inline-block}<\/style>\t\t\t\t<p>Our Apart Oetz building is located in the <strong>center of the small village Oetz<\/strong>, a little bit off the main village road Dorfstra\u00dfe. The location at the entrance of the \u00d6tztal valley makes it easy for you to organize a versatile vacation program based on your preferences.<\/p>\n\t\t\t\t\t\t<\/div>\n\t\t\t\t<\/div>\n\t\t\t\t<div class=\"elementor-element elementor-element-1f183a3 elementor-widget elementor-widget-osm-map-elementor\" data-id=\"1f183a3\" data-element_type=\"widget\" data-widget_type=\"osm-map-elementor.default\">\n\t\t\t\t<div class=\"elementor-widget-container\">\n\t\t\t<div id=\"osm-map-1f183a3\" \r\n        class=\"osm-map-container\" \r\n        data-center=\"47.2020678,10.9029754\"><\/div>        <script type=\"text\/javascript\">\r\n                    <\/script>\r\n        \t\t<\/div>\n\t\t\t\t<\/div>\n\t\t\t\t\t<\/div>\n\t\t\t\t<\/div>\n\t\t\t\t\t<\/div>\n\t\t\t\t<\/div>\n\t\t<div class=\"elementor-element elementor-element-99d352d e-flex e-con-boxed e-con\" data-id=\"99d352d\" data-element_type=\"container\" data-settings=\"{&quot;content_width&quot;:&quot;boxed&quot;}\">\n\t\t\t\t\t<div class=\"e-con-inner\">\n\t\t\t\t<div class=\"elementor-element elementor-element-4e00b48 elementor-widget elementor-widget-heading\" data-id=\"4e00b48\" data-element_type=\"widget\" data-widget_type=\"heading.default\">\n\t\t\t\t<div class=\"elementor-widget-container\">\n\t\t\t<h2 class=\"elementor-heading-title elementor-size-default\">- Directions -<\/h2>\t\t<\/div>\n\t\t\t\t<\/div>\n\t\t\t\t<div class=\"elementor-element elementor-element-c809193 elementor-widget elementor-widget-text-editor\" data-id=\"c809193\" data-element_type=\"widget\" data-widget_type=\"text-editor.default\">\n\t\t\t\t<div class=\"elementor-widget-container\">\n\t\t\t\t\t\t\t<p class=\"Text\"><span lang=\"DE\">The <strong>nearby train station \u00d6tztal Bahnhof<\/strong> and the great bus connections make your journey easy and above all <strong>sustainable<\/strong>.<\/span><\/p>\n<p class=\"Text\"><span lang=\"DE\">Should you arrive by <strong>car<\/strong>, <strong>parking spaces are available directly at Apart Oetz<\/strong>.<\/span><span lang=\"DE\"> <\/span><\/p>\n<p class=\"Text\"><span lang=\"DE\">To reach us as quickly as possible, we recommend using the A12 freeway. Drive to the exit Haiming\/\u00d6tztal. At the roundabout take the turnoff towards \u00d6tztal. Then continue for about 5.3 km (3.3 miles) on the \u00d6tztal federal road. At the roundabout in Oetz take the second exit. You will find our Apart Oetz after about 300 m (984 ft) on the left.<\/span><\/p>\n<p>The nearest airports are Innsbruck Airport (55 km \/ 34 miles) or Munich Airport (200 km \/ 124 miles).<\/p>\n\t\t\t\t\t\t<\/div>\n\t\t\t\t<\/div>\n\t\t\t\t<div class=\"elementor-element elementor-element-d9d896b uael-button-halign-center uael-button-stack-none elementor-widget elementor-widget-uael-buttons\" data-id=\"d9d896b\" data-element_type=\"widget\" data-widget_type=\"uael-buttons.default\">\n\t\t\t\t<div class=\"elementor-widget-container\">\n\t\t\t\t\t<div class=\"uael-dual-button-outer-wrap\">\r\n\t\t\t<div class=\"uael-dual-button-wrap\">\r\n\t\t\t\t\t\t\t\t<div class=\"uael-button-wrapper elementor-button-wrapper uael-dual-button elementor-repeater-item-7808b4c uael-dual-button-0\">\r\n\t\t\t\t\t<a class=\"elementor-button-link elementor-button elementor-size-sm elementor-button-link elementor-animation-grow\" href=\"https:\/\/www.oebb.at\/\" target=\"_blank\">\r\n\t\t\t\t\t\t\t\t<span class=\"elementor-button-content-wrapper uael-buttons-icon-\">\r\n\t\t\t\t\t\t\t\t\t\t\t\t<span class=\"elementor-align-icon- elementor-button-icon\">\r\n\t\t\t\t\t\t\t\t\t\t\t<\/span>\r\n\t\t\t\t\t\t\t\t\t\t<span class=\"elementor-button-text elementor-inline-editing\" data-elementor-setting-key=\"buttons.0.text\" data-elementor-inline-editing-toolbar=\"none\">Train connections<\/span>\r\n\t\t<\/span>\r\n\t\t\t\t\t\t\t<\/a>\r\n\t\t\t\t<\/div>\r\n\t\t\t\t\t\t\t\t<div class=\"uael-button-wrapper elementor-button-wrapper uael-dual-button elementor-repeater-item-bcac821 uael-dual-button-1\">\r\n\t\t\t\t\t<a class=\"elementor-button-link elementor-button elementor-size-sm elementor-button-link elementor-animation-grow\" href=\"https:\/\/www.vvt.at\/page.cfm?vpath=index\" target=\"_blank\">\r\n\t\t\t\t\t\t\t\t<span class=\"elementor-button-content-wrapper uael-buttons-icon- elementor-button-content-wrapper uael-buttons-icon-\">\r\n\t\t\t\t\t\t\t\t\t\t\t\t<span class=\"elementor-align-icon- elementor-button-icon\">\r\n\t\t\t\t\t\t\t\t\t\t\t<\/span>\r\n\t\t\t\t\t\t\t\t\t\t<span class=\"elementor-button-text elementor-inline-editing\" data-elementor-setting-key=\"buttons.1.text\" data-elementor-inline-editing-toolbar=\"none\">Bus connections<\/span>\r\n\t\t<\/span>\r\n\t\t\t\t\t\t\t<\/a>\r\n\t\t\t\t<\/div>\r\n\t\t\t\t\t\t\t<\/div>\r\n\t\t<\/div>\r\n\t\t\t\t<\/div>\n\t\t\t\t<\/div>\n\t\t\t\t\t<\/div>\n\t\t\t\t<\/div>\n\t\t\t\t\t\t\t<\/div>\n\t\t","protected":false},"excerpt":{"rendered":"<p>Location &amp; directions &#8211; Location &#8211; Our Apart Oetz building is located in the center of the small village Oetz, a little bit off the main village road Dorfstra\u00dfe. The location at the entrance of the \u00d6tztal valley makes it easy for you to organize a versatile vacation program based on your preferences. &#8211; Directions [&hellip;]<\/p>\n","protected":false},"author":1,"featured_media":0,"parent":0,"menu_order":4,"comment_status":"closed","ping_status":"closed","template":"","meta":{"footnotes":""},"class_list":["post-921","page","type-page","status-publish","hentry"],"acf":[],"yoast_head":"<!-- This site is optimized with the Yoast SEO plugin v21.1 - https:\/\/yoast.com\/wordpress\/plugins\/seo\/ -->\n<title>Location of the apartments and how to get to \u00d6tztal<\/title>\n<meta name=\"description\" content=\"Our Apart Oetz building is located in the center of the small village Oetz at the entrance of the \u00d6tztal valley, a little bit off the main village road Dorfstra\u00dfe.\" \/>\n<meta name=\"robots\" content=\"index, follow, max-snippet:-1, max-image-preview:large, max-video-preview:-1\" \/>\n<link rel=\"canonical\" href=\"https:\/\/apartoetz.at\/en\/location-directions\/\" \/>\n<meta property=\"og:locale\" content=\"en_US\" \/>\n<meta property=\"og:type\" content=\"article\" \/>\n<meta property=\"og:title\" content=\"Location of the apartments and how to get to \u00d6tztal\" \/>\n<meta property=\"og:description\" content=\"Our Apart Oetz building is located in the center of the small village Oetz at the entrance of the \u00d6tztal valley, a little bit off the main village road Dorfstra\u00dfe.\" \/>\n<meta property=\"og:url\" content=\"https:\/\/apartoetz.at\/en\/location-directions\/\" \/>\n<meta property=\"og:site_name\" content=\"Apart Oetz\" \/>\n<meta property=\"article:modified_time\" content=\"2023-09-18T09:19:08+00:00\" \/>\n<meta property=\"og:image\" content=\"https:\/\/apartoetz.at\/wp-content\/uploads\/2023\/08\/Apart-Oetz-Apartments-Aussen_032.jpg\" \/>\n<meta name=\"twitter:card\" content=\"summary_large_image\" \/>\n<meta name=\"twitter:label1\" content=\"Est. reading time\" \/>\n\t<meta name=\"twitter:data1\" content=\"1 minute\" \/>\n<script type=\"application\/ld+json\" class=\"yoast-schema-graph\">{\"@context\":\"https:\/\/schema.org\",\"@graph\":[{\"@type\":\"WebPage\",\"@id\":\"https:\/\/apartoetz.at\/en\/location-directions\/\",\"url\":\"https:\/\/apartoetz.at\/en\/location-directions\/\",\"name\":\"Location of the apartments and how to get to \u00d6tztal\",\"isPartOf\":{\"@id\":\"https:\/\/apartoetz.at\/#website\"},\"datePublished\":\"2023-07-20T11:32:52+00:00\",\"dateModified\":\"2023-09-18T09:19:08+00:00\",\"description\":\"Our Apart Oetz building is located in the center of the small village Oetz at the entrance of the \u00d6tztal valley, a little bit off the main village road Dorfstra\u00dfe.\",\"breadcrumb\":{\"@id\":\"https:\/\/apartoetz.at\/en\/location-directions\/#breadcrumb\"},\"inLanguage\":\"en-US\",\"potentialAction\":[{\"@type\":\"ReadAction\",\"target\":[\"https:\/\/apartoetz.at\/en\/location-directions\/\"]}]},{\"@type\":\"BreadcrumbList\",\"@id\":\"https:\/\/apartoetz.at\/en\/location-directions\/#breadcrumb\",\"itemListElement\":[{\"@type\":\"ListItem\",\"position\":1,\"name\":\"Startseite\",\"item\":\"https:\/\/apartoetz.at\/en\/welcome\/\"},{\"@type\":\"ListItem\",\"position\":2,\"name\":\"Location &amp; directions\"}]},{\"@type\":\"WebSite\",\"@id\":\"https:\/\/apartoetz.at\/#website\",\"url\":\"https:\/\/apartoetz.at\/\",\"name\":\"Apart Oetz\",\"description\":\"Wohlf\u00fchlwohnen im \u00d6tztal\",\"publisher\":{\"@id\":\"https:\/\/apartoetz.at\/#organization\"},\"potentialAction\":[{\"@type\":\"SearchAction\",\"target\":{\"@type\":\"EntryPoint\",\"urlTemplate\":\"https:\/\/apartoetz.at\/?s={search_term_string}\"},\"query-input\":\"required name=search_term_string\"}],\"inLanguage\":\"en-US\"},{\"@type\":\"Organization\",\"@id\":\"https:\/\/apartoetz.at\/#organization\",\"name\":\"Apart Oetz\",\"url\":\"https:\/\/apartoetz.at\/\",\"logo\":{\"@type\":\"ImageObject\",\"inLanguage\":\"en-US\",\"@id\":\"https:\/\/apartoetz.at\/#\/schema\/logo\/image\/\",\"url\":\"https:\/\/apartoetz.at\/wp-content\/uploads\/2023\/06\/Logo_A_Oetz2-ohne-Claim.png\",\"contentUrl\":\"https:\/\/apartoetz.at\/wp-content\/uploads\/2023\/06\/Logo_A_Oetz2-ohne-Claim.png\",\"width\":595,\"height\":236,\"caption\":\"Apart Oetz\"},\"image\":{\"@id\":\"https:\/\/apartoetz.at\/#\/schema\/logo\/image\/\"}}]}<\/script>\n<!-- \/ Yoast SEO plugin. -->","yoast_head_json":{"title":"Location of the apartments and how to get to \u00d6tztal","description":"Our Apart Oetz building is located in the center of the small village Oetz at the entrance of the \u00d6tztal valley, a little bit off the main village road Dorfstra\u00dfe.","robots":{"index":"index","follow":"follow","max-snippet":"max-snippet:-1","max-image-preview":"max-image-preview:large","max-video-preview":"max-video-preview:-1"},"canonical":"https:\/\/apartoetz.at\/en\/location-directions\/","og_locale":"en_US","og_type":"article","og_title":"Location of the apartments and how to get to \u00d6tztal","og_description":"Our Apart Oetz building is located in the center of the small village Oetz at the entrance of the \u00d6tztal valley, a little bit off the main village road Dorfstra\u00dfe.","og_url":"https:\/\/apartoetz.at\/en\/location-directions\/","og_site_name":"Apart Oetz","article_modified_time":"2023-09-18T09:19:08+00:00","og_image":[{"url":"https:\/\/apartoetz.at\/wp-content\/uploads\/2023\/08\/Apart-Oetz-Apartments-Aussen_032.jpg"}],"twitter_card":"summary_large_image","twitter_misc":{"Est. reading time":"1 minute"},"schema":{"@context":"https:\/\/schema.org","@graph":[{"@type":"WebPage","@id":"https:\/\/apartoetz.at\/en\/location-directions\/","url":"https:\/\/apartoetz.at\/en\/location-directions\/","name":"Location of the apartments and how to get to \u00d6tztal","isPartOf":{"@id":"https:\/\/apartoetz.at\/#website"},"datePublished":"2023-07-20T11:32:52+00:00","dateModified":"2023-09-18T09:19:08+00:00","description":"Our Apart Oetz building is located in the center of the small village Oetz at the entrance of the \u00d6tztal valley, a little bit off the main village road Dorfstra\u00dfe.","breadcrumb":{"@id":"https:\/\/apartoetz.at\/en\/location-directions\/#breadcrumb"},"inLanguage":"en-US","potentialAction":[{"@type":"ReadAction","target":["https:\/\/apartoetz.at\/en\/location-directions\/"]}]},{"@type":"BreadcrumbList","@id":"https:\/\/apartoetz.at\/en\/location-directions\/#breadcrumb","itemListElement":[{"@type":"ListItem","position":1,"name":"Startseite","item":"https:\/\/apartoetz.at\/en\/welcome\/"},{"@type":"ListItem","position":2,"name":"Location &amp; directions"}]},{"@type":"WebSite","@id":"https:\/\/apartoetz.at\/#website","url":"https:\/\/apartoetz.at\/","name":"Apart Oetz","description":"Wohlf\u00fchlwohnen im \u00d6tztal","publisher":{"@id":"https:\/\/apartoetz.at\/#organization"},"potentialAction":[{"@type":"SearchAction","target":{"@type":"EntryPoint","urlTemplate":"https:\/\/apartoetz.at\/?s={search_term_string}"},"query-input":"required name=search_term_string"}],"inLanguage":"en-US"},{"@type":"Organization","@id":"https:\/\/apartoetz.at\/#organization","name":"Apart Oetz","url":"https:\/\/apartoetz.at\/","logo":{"@type":"ImageObject","inLanguage":"en-US","@id":"https:\/\/apartoetz.at\/#\/schema\/logo\/image\/","url":"https:\/\/apartoetz.at\/wp-content\/uploads\/2023\/06\/Logo_A_Oetz2-ohne-Claim.png","contentUrl":"https:\/\/apartoetz.at\/wp-content\/uploads\/2023\/06\/Logo_A_Oetz2-ohne-Claim.png","width":595,"height":236,"caption":"Apart Oetz"},"image":{"@id":"https:\/\/apartoetz.at\/#\/schema\/logo\/image\/"}}]}},"_links":{"self":[{"href":"https:\/\/apartoetz.at\/en\/wp-json\/wp\/v2\/pages\/921","targetHints":{"allow":["GET"]}}],"collection":[{"href":"https:\/\/apartoetz.at\/en\/wp-json\/wp\/v2\/pages"}],"about":[{"href":"https:\/\/apartoetz.at\/en\/wp-json\/wp\/v2\/types\/page"}],"author":[{"embeddable":true,"href":"https:\/\/apartoetz.at\/en\/wp-json\/wp\/v2\/users\/1"}],"replies":[{"embeddable":true,"href":"https:\/\/apartoetz.at\/en\/wp-json\/wp\/v2\/comments?post=921"}],"version-history":[{"count":3,"href":"https:\/\/apartoetz.at\/en\/wp-json\/wp\/v2\/pages\/921\/revisions"}],"predecessor-version":[{"id":990,"href":"https:\/\/apartoetz.at\/en\/wp-json\/wp\/v2\/pages\/921\/revisions\/990"}],"wp:attachment":[{"href":"https:\/\/apartoetz.at\/en\/wp-json\/wp\/v2\/media?parent=921"}],"curies":[{"name":"wp","href":"https:\/\/api.w.org\/{rel}","templated":true}]}}