{"id":952,"date":"2023-07-20T11:37:20","date_gmt":"2023-07-20T11:37:20","guid":{"rendered":"https:\/\/apartoetz.at\/imprint\/"},"modified":"2023-09-18T06:36:28","modified_gmt":"2023-09-18T06:36:28","slug":"imprint","status":"publish","type":"page","link":"https:\/\/apartoetz.at\/en\/imprint\/","title":{"rendered":"Imprint"},"content":{"rendered":"\t\t<div data-elementor-type=\"wp-page\" data-elementor-id=\"952\" class=\"elementor elementor-952 elementor-27\" data-elementor-post-type=\"page\">\n\t\t\t\t\t\t\t<div class=\"elementor-element elementor-element-917e6e7 link-gruen e-flex e-con-boxed e-con\" data-id=\"917e6e7\" data-element_type=\"container\" data-settings=\"{&quot;content_width&quot;:&quot;boxed&quot;}\">\n\t\t\t\t\t<div class=\"e-con-inner\">\n\t\t<div class=\"elementor-element elementor-element-8e1987d e-con-full e-flex e-con\" data-id=\"8e1987d\" data-element_type=\"container\" data-settings=\"{&quot;content_width&quot;:&quot;full&quot;}\">\n\t\t\t\t<div class=\"elementor-element elementor-element-282de48 elementor-widget elementor-widget-heading\" data-id=\"282de48\" data-element_type=\"widget\" data-widget_type=\"heading.default\">\n\t\t\t\t<div class=\"elementor-widget-container\">\n\t\t\t<style>\/*! elementor - v3.15.0 - 20-08-2023 *\/\n.elementor-heading-title{padding:0;margin:0;line-height:1}.elementor-widget-heading .elementor-heading-title[class*=elementor-size-]>a{color:inherit;font-size:inherit;line-height:inherit}.elementor-widget-heading .elementor-heading-title.elementor-size-small{font-size:15px}.elementor-widget-heading .elementor-heading-title.elementor-size-medium{font-size:19px}.elementor-widget-heading .elementor-heading-title.elementor-size-large{font-size:29px}.elementor-widget-heading .elementor-heading-title.elementor-size-xl{font-size:39px}.elementor-widget-heading .elementor-heading-title.elementor-size-xxl{font-size:59px}<\/style><h1 class=\"elementor-heading-title elementor-size-default\">Imprint<\/h1>\t\t<\/div>\n\t\t\t\t<\/div>\n\t\t\t\t<div class=\"elementor-element elementor-element-4d2be53 elementor-widget elementor-widget-text-editor\" data-id=\"4d2be53\" data-element_type=\"widget\" data-widget_type=\"text-editor.default\">\n\t\t\t\t<div class=\"elementor-widget-container\">\n\t\t\t<style>\/*! elementor - v3.15.0 - 20-08-2023 *\/\n.elementor-widget-text-editor.elementor-drop-cap-view-stacked .elementor-drop-cap{background-color:#69727d;color:#fff}.elementor-widget-text-editor.elementor-drop-cap-view-framed .elementor-drop-cap{color:#69727d;border:3px solid;background-color:transparent}.elementor-widget-text-editor:not(.elementor-drop-cap-view-default) .elementor-drop-cap{margin-top:8px}.elementor-widget-text-editor:not(.elementor-drop-cap-view-default) .elementor-drop-cap-letter{width:1em;height:1em}.elementor-widget-text-editor .elementor-drop-cap{float:left;text-align:center;line-height:1;font-size:50px}.elementor-widget-text-editor .elementor-drop-cap-letter{display:inline-block}<\/style>\t\t\t\t<p><strong>Owner &amp; operator of the website:<\/strong><\/p>\n<p>Apart Oetz<br \/>\nMarco A\u00dflaber<br \/>\nK\u00fchtaier Stra\u00dfe 7<br \/>\n6433 Oetz<\/p>\n<p>Tel.: +43 650 2428 259<br \/>\ninfo@apartoetz.at<\/p>\n<p>VAT Reg. No.: ATU 72760648<\/p>\n<p>&nbsp;<\/p>\n<p><strong>Design, programming &amp; hosting:<\/strong><\/p>\n<p>Huber Web Media GmbH<\/p>\n<p>Mils Au 70<br \/>\n6493 Mils bei Imst<br \/>\nTyrol \u2013 Austria<\/p>\n<p>Tel.: 0043 650 4488663<br \/>\nMail: <a href=\"mailto:info@huberwebmedia.at\">info@huberwebmedia.at<\/a><br \/>\nWeb: <a href=\"http:\/\/www.huberwebmedia.at\">www.huberwebmedia.at<\/a><br \/>\nUID: ATU 77423049<\/p>\n<p><strong>Liability:<\/strong><\/p>\n<p>All contents have been examined carefully, however no guarantee can be made regarding accuracy, completeness, and topicality. Liabilities caused by the use or misuse of the information offered, or by the use of incorrect and incomplete information, are strictly excluded.<\/p>\n<p><strong>Liability for links:<\/strong><\/p>\n<p>Our website contains links to external, third-party websites for which our organisation is not responsible. We have no influence on the content of these websites, but the operating companies of these sites are exclusively responsible. No unlawful contents were in evidence at the time the links were created.<\/p>\n<p><strong>Image rights:<\/strong><\/p>\n<p>The images which appear on this website are protected by copyright and are non-binding. \u00a9<\/p>\n<p>Guest Card, \u00d6tztal inside<\/p>\n<p>Oetzt area47, Rutschen &#8211; \u00a9 Manuel Kottersteger<\/p>\n<p>S\u00f6lden, enduro, Fernar Trail, Radfahrer &#8211; \u00a9 Wolfgang Watzke<\/p>\n<p>Hoch\u00f6tz Widiversum, Familie, Spielplatz &#8211; \u00a9 Manuel Kottersteger<\/p>\n<p>Vent, Saykogel, Wanderer, Sonnenaufgang &#8211; \u00a9 Bernd Ritschel<\/p>\n<p>\u00d6tzi-Dorf, Menschen, Kinder &#8211; \u00a9 Manuel Kottersteger<\/p>\n<p>\u00d6tztal, L\u00e4ngenfeld, Aqua Dome \u2013 Tirol Therme L\u00e4ngenfeld &#8211; \/<\/p>\n<p>\u00d6tztal Radweg, E-Bike, Familie &#8211; \u00a9 Lukas Ennemoser<\/p>\n<p>Hoch\u00f6tz, Familie beim Skifahren \u00a9 Daniel Zangerl<\/p>\n<p>\u00d6tztal, Kinder beim Rodeln &#8211; \u00a9 Matthias Burtscher<\/p>\n<p>Hoch\u00f6tz, Schneeschuhwandern &#8211; \u00a9 Rudi Wyhlidal<\/p>\n<p>Hoch\u00f6tz, Widiversum, Wasserspielplatz, Kinder &#8211; \u00a9 Martin Klotz<\/p>\n<p>\u00d6tztal, Kinder beim Skifahren &#8211; \u00a9 Daniel Zangerl<\/p>\n<p>Gurgl, Zirbenwald, Kletterer &#8211; \u00a9 Heinz Zak<\/p>\n<p>Klettersteig Kinder &#8211; \u00a9 Burtscher<\/p>\n<p>Greifvogelpark Umhausen &#8211; \u00a9 Manuel-Kottersteger<\/p>\n<p>Hoch\u00f6tz im Sommer &#8211; \u00a9 Christian Schneider<\/p>\n<p>Piburg Eislaufen Familie &#8211; \u00a9 Christian Schneider<\/p>\n<p>all rights reserved.<\/p>\n<p><strong>Copyright:<\/strong><\/p>\n<p>All texts, graphics and images are protected by copyright and may not be used unless prior permission has been obtained from the owner.<\/p>\n<p><strong>Purpose of the website:<\/strong><\/p>\n<p>This website serves to inform the user about goods and services of our organisation.<\/p>\n\t\t\t\t\t\t<\/div>\n\t\t\t\t<\/div>\n\t\t\t\t<\/div>\n\t\t\t\t\t<\/div>\n\t\t\t\t<\/div>\n\t\t\t\t\t\t\t<\/div>\n\t\t","protected":false},"excerpt":{"rendered":"<p>Imprint Owner &amp; operator of the website: Apart Oetz Marco A\u00dflaber K\u00fchtaier Stra\u00dfe 7 6433 Oetz Tel.: +43 650 2428 259 info@apartoetz.at VAT Reg. No.: ATU 72760648 &nbsp; Design, programming &amp; hosting: Huber Web Media GmbH Mils Au 70 6493 Mils bei Imst Tyrol \u2013 Austria Tel.: 0043 650 4488663 Mail: info@huberwebmedia.at Web: www.huberwebmedia.at UID: [&hellip;]<\/p>\n","protected":false},"author":1,"featured_media":0,"parent":0,"menu_order":8,"comment_status":"closed","ping_status":"closed","template":"","meta":{"footnotes":""},"class_list":["post-952","page","type-page","status-publish","hentry"],"acf":[],"yoast_head":"<!-- This site is optimized with the Yoast SEO plugin v21.1 - https:\/\/yoast.com\/wordpress\/plugins\/seo\/ -->\n<title>Imprint - Apart Oetz<\/title>\n<meta name=\"robots\" content=\"index, follow, max-snippet:-1, max-image-preview:large, max-video-preview:-1\" \/>\n<link rel=\"canonical\" href=\"https:\/\/apartoetz.at\/en\/imprint\/\" \/>\n<meta property=\"og:locale\" content=\"en_US\" \/>\n<meta property=\"og:type\" content=\"article\" \/>\n<meta property=\"og:title\" content=\"Imprint - Apart Oetz\" \/>\n<meta property=\"og:description\" content=\"Imprint Owner &amp; operator of the website: Apart Oetz Marco A\u00dflaber K\u00fchtaier Stra\u00dfe 7 6433 Oetz Tel.: +43 650 2428 259 info@apartoetz.at VAT Reg. No.: ATU 72760648 &nbsp; Design, programming &amp; hosting: Huber Web Media GmbH Mils Au 70 6493 Mils bei Imst Tyrol \u2013 Austria Tel.: 0043 650 4488663 Mail: info@huberwebmedia.at Web: www.huberwebmedia.at UID: [&hellip;]\" \/>\n<meta property=\"og:url\" content=\"https:\/\/apartoetz.at\/en\/imprint\/\" \/>\n<meta property=\"og:site_name\" content=\"Apart Oetz\" \/>\n<meta property=\"article:modified_time\" content=\"2023-09-18T06:36:28+00:00\" \/>\n<meta name=\"twitter:card\" content=\"summary_large_image\" \/>\n<meta name=\"twitter:label1\" content=\"Est. reading time\" \/>\n\t<meta name=\"twitter:data1\" content=\"2 minutes\" \/>\n<script type=\"application\/ld+json\" class=\"yoast-schema-graph\">{\"@context\":\"https:\/\/schema.org\",\"@graph\":[{\"@type\":\"WebPage\",\"@id\":\"https:\/\/apartoetz.at\/en\/imprint\/\",\"url\":\"https:\/\/apartoetz.at\/en\/imprint\/\",\"name\":\"Imprint - Apart Oetz\",\"isPartOf\":{\"@id\":\"https:\/\/apartoetz.at\/#website\"},\"datePublished\":\"2023-07-20T11:37:20+00:00\",\"dateModified\":\"2023-09-18T06:36:28+00:00\",\"breadcrumb\":{\"@id\":\"https:\/\/apartoetz.at\/en\/imprint\/#breadcrumb\"},\"inLanguage\":\"en-US\",\"potentialAction\":[{\"@type\":\"ReadAction\",\"target\":[\"https:\/\/apartoetz.at\/en\/imprint\/\"]}]},{\"@type\":\"BreadcrumbList\",\"@id\":\"https:\/\/apartoetz.at\/en\/imprint\/#breadcrumb\",\"itemListElement\":[{\"@type\":\"ListItem\",\"position\":1,\"name\":\"Startseite\",\"item\":\"https:\/\/apartoetz.at\/en\/welcome\/\"},{\"@type\":\"ListItem\",\"position\":2,\"name\":\"Imprint\"}]},{\"@type\":\"WebSite\",\"@id\":\"https:\/\/apartoetz.at\/#website\",\"url\":\"https:\/\/apartoetz.at\/\",\"name\":\"Apart Oetz\",\"description\":\"Wohlf\u00fchlwohnen im \u00d6tztal\",\"publisher\":{\"@id\":\"https:\/\/apartoetz.at\/#organization\"},\"potentialAction\":[{\"@type\":\"SearchAction\",\"target\":{\"@type\":\"EntryPoint\",\"urlTemplate\":\"https:\/\/apartoetz.at\/?s={search_term_string}\"},\"query-input\":\"required name=search_term_string\"}],\"inLanguage\":\"en-US\"},{\"@type\":\"Organization\",\"@id\":\"https:\/\/apartoetz.at\/#organization\",\"name\":\"Apart Oetz\",\"url\":\"https:\/\/apartoetz.at\/\",\"logo\":{\"@type\":\"ImageObject\",\"inLanguage\":\"en-US\",\"@id\":\"https:\/\/apartoetz.at\/#\/schema\/logo\/image\/\",\"url\":\"https:\/\/apartoetz.at\/wp-content\/uploads\/2023\/06\/Logo_A_Oetz2-ohne-Claim.png\",\"contentUrl\":\"https:\/\/apartoetz.at\/wp-content\/uploads\/2023\/06\/Logo_A_Oetz2-ohne-Claim.png\",\"width\":595,\"height\":236,\"caption\":\"Apart Oetz\"},\"image\":{\"@id\":\"https:\/\/apartoetz.at\/#\/schema\/logo\/image\/\"}}]}<\/script>\n<!-- \/ Yoast SEO plugin. -->","yoast_head_json":{"title":"Imprint - Apart Oetz","robots":{"index":"index","follow":"follow","max-snippet":"max-snippet:-1","max-image-preview":"max-image-preview:large","max-video-preview":"max-video-preview:-1"},"canonical":"https:\/\/apartoetz.at\/en\/imprint\/","og_locale":"en_US","og_type":"article","og_title":"Imprint - Apart Oetz","og_description":"Imprint Owner &amp; operator of the website: Apart Oetz Marco A\u00dflaber K\u00fchtaier Stra\u00dfe 7 6433 Oetz Tel.: +43 650 2428 259 info@apartoetz.at VAT Reg. No.: ATU 72760648 &nbsp; Design, programming &amp; hosting: Huber Web Media GmbH Mils Au 70 6493 Mils bei Imst Tyrol \u2013 Austria Tel.: 0043 650 4488663 Mail: info@huberwebmedia.at Web: www.huberwebmedia.at UID: [&hellip;]","og_url":"https:\/\/apartoetz.at\/en\/imprint\/","og_site_name":"Apart Oetz","article_modified_time":"2023-09-18T06:36:28+00:00","twitter_card":"summary_large_image","twitter_misc":{"Est. reading time":"2 minutes"},"schema":{"@context":"https:\/\/schema.org","@graph":[{"@type":"WebPage","@id":"https:\/\/apartoetz.at\/en\/imprint\/","url":"https:\/\/apartoetz.at\/en\/imprint\/","name":"Imprint - Apart Oetz","isPartOf":{"@id":"https:\/\/apartoetz.at\/#website"},"datePublished":"2023-07-20T11:37:20+00:00","dateModified":"2023-09-18T06:36:28+00:00","breadcrumb":{"@id":"https:\/\/apartoetz.at\/en\/imprint\/#breadcrumb"},"inLanguage":"en-US","potentialAction":[{"@type":"ReadAction","target":["https:\/\/apartoetz.at\/en\/imprint\/"]}]},{"@type":"BreadcrumbList","@id":"https:\/\/apartoetz.at\/en\/imprint\/#breadcrumb","itemListElement":[{"@type":"ListItem","position":1,"name":"Startseite","item":"https:\/\/apartoetz.at\/en\/welcome\/"},{"@type":"ListItem","position":2,"name":"Imprint"}]},{"@type":"WebSite","@id":"https:\/\/apartoetz.at\/#website","url":"https:\/\/apartoetz.at\/","name":"Apart Oetz","description":"Wohlf\u00fchlwohnen im \u00d6tztal","publisher":{"@id":"https:\/\/apartoetz.at\/#organization"},"potentialAction":[{"@type":"SearchAction","target":{"@type":"EntryPoint","urlTemplate":"https:\/\/apartoetz.at\/?s={search_term_string}"},"query-input":"required name=search_term_string"}],"inLanguage":"en-US"},{"@type":"Organization","@id":"https:\/\/apartoetz.at\/#organization","name":"Apart Oetz","url":"https:\/\/apartoetz.at\/","logo":{"@type":"ImageObject","inLanguage":"en-US","@id":"https:\/\/apartoetz.at\/#\/schema\/logo\/image\/","url":"https:\/\/apartoetz.at\/wp-content\/uploads\/2023\/06\/Logo_A_Oetz2-ohne-Claim.png","contentUrl":"https:\/\/apartoetz.at\/wp-content\/uploads\/2023\/06\/Logo_A_Oetz2-ohne-Claim.png","width":595,"height":236,"caption":"Apart Oetz"},"image":{"@id":"https:\/\/apartoetz.at\/#\/schema\/logo\/image\/"}}]}},"_links":{"self":[{"href":"https:\/\/apartoetz.at\/en\/wp-json\/wp\/v2\/pages\/952","targetHints":{"allow":["GET"]}}],"collection":[{"href":"https:\/\/apartoetz.at\/en\/wp-json\/wp\/v2\/pages"}],"about":[{"href":"https:\/\/apartoetz.at\/en\/wp-json\/wp\/v2\/types\/page"}],"author":[{"embeddable":true,"href":"https:\/\/apartoetz.at\/en\/wp-json\/wp\/v2\/users\/1"}],"replies":[{"embeddable":true,"href":"https:\/\/apartoetz.at\/en\/wp-json\/wp\/v2\/comments?post=952"}],"version-history":[{"count":1,"href":"https:\/\/apartoetz.at\/en\/wp-json\/wp\/v2\/pages\/952\/revisions"}],"predecessor-version":[{"id":953,"href":"https:\/\/apartoetz.at\/en\/wp-json\/wp\/v2\/pages\/952\/revisions\/953"}],"wp:attachment":[{"href":"https:\/\/apartoetz.at\/en\/wp-json\/wp\/v2\/media?parent=952"}],"curies":[{"name":"wp","href":"https:\/\/api.w.org\/{rel}","templated":true}]}}